{"id":147,"date":"2023-09-21T22:26:30","date_gmt":"2023-09-21T22:26:30","guid":{"rendered":"https:\/\/www.smartech.biz\/?page_id=147"},"modified":"2026-05-05T15:02:36","modified_gmt":"2026-05-05T15:02:36","slug":"energia","status":"publish","type":"page","link":"https:\/\/www.smartech.biz\/index.php\/energia\/","title":{"rendered":"Energ\u00eda"},"content":{"rendered":"<style>\/*! elementor - v3.16.0 - 14-09-2023 *\/<br \/>\n.elementor-heading-title{padding:0;margin:0;line-height:1}.elementor-widget-heading .elementor-heading-title[class*=elementor-size-]>a{color:inherit;font-size:inherit;line-height:inherit}.elementor-widget-heading .elementor-heading-title.elementor-size-small{font-size:15px}.elementor-widget-heading .elementor-heading-title.elementor-size-medium{font-size:19px}.elementor-widget-heading .elementor-heading-title.elementor-size-large{font-size:29px}.elementor-widget-heading .elementor-heading-title.elementor-size-xl{font-size:39px}.elementor-widget-heading .elementor-heading-title.elementor-size-xxl{font-size:59px}<\/style>\n<h2>Energ\u00eda<\/h2>\n<p><strong>SMARTECH\u00ae &amp; ENERGY SYSTEMS S.A.S<\/strong>\u00a0En el campo energe\u0301tico realiza ingenieri\u0301a y consultori\u0301a con los altos esta\u0301ndares de calidad con cumplimiento y responsabilidad.<\/p>\n<p>Implementa sistemas de instrumentacio\u0301n y control, instalaciones, llave en mano y servicios de operacio\u0301n y mantenimiento para la transmisio\u0301n, transformacio\u0301n y distribucio\u0301n de energi\u0301a en alta, media y baja tensi\u00f3n, asi\u0301 como tambie\u0301n de sistemas de telesupervisi\u00f3n y comunicacio\u0301n en subestaciones.<\/p>\n<p>En cuanto a energi\u0301as renovables, usa modernos aerogeneradores de baja potencia, permitiendo el uso de energi\u0301a eo\u0301lica y solar en pra\u0301cticamente todas las aplicaciones que proporcionan soluciones a los hogares, estaciones de servicio, instalaciones rurales\u00a0 <a href=\"https:\/\/sneakerium.com.ua\">follow the link<\/a> y playas, carreteras, entre otros, lo que genera al usuario un gran ahorro de energi\u0301a ele\u0301ctrica.<\/p>\n<p>Sus aliados tecnolo\u0301gicos en China, Alemania y USA han desarrollado equipos de alta tecnologi\u0301a que son ofrecidos por SMARTECH en varios kits para satisfacer las diversas necesidades de los usuarios.<\/p>\n<p>En cuanto a las energi\u0301as te\u0301rmicas tradicionales, realiza el suministro y comercializacio\u0301n de plantas de generacio\u0301n de alta y baja potencia en ciclo simple o abierto y combinado, con el uso de combustibles como gas natural, fuel oil, diesel, petro\u0301leo crudo destilado y carbo\u0301n entre otras.<\/p>\n<figure><img decoding=\"async\" src=\"https:\/\/www.smartech.biz\/wp-content\/uploads\/2023\/09\/iu-2000x1200-1.png\" alt=\"\" \/><figcaption>\n<h2><\/h2>\n<p>Generaci\u00f3n E\u00f3lica<\/p>\n<\/figcaption><\/figure>\n<figure><img decoding=\"async\" src=\"https:\/\/www.smartech.biz\/wp-content\/uploads\/2023\/09\/ol-2000x1200-800x480-1.png\" alt=\"\" \/><figcaption>\n<h2><\/h2>\n<p>Generaci\u00f3n H\u00eddrica<\/p>\n<\/figcaption><\/figure>\n<figure><img decoding=\"async\" src=\"https:\/\/www.smartech.biz\/wp-content\/uploads\/2023\/09\/ol-2000x1200-800x480-1.jpeg\" alt=\"\" \/><figcaption>\n<h2><\/h2>\n<p>Generaci\u00f3n Solar<\/p>\n<\/figcaption><\/figure>\n<figure><img decoding=\"async\" src=\"https:\/\/www.smartech.biz\/wp-content\/uploads\/2023\/09\/panel.png\" alt=\"\" \/><figcaption>\n<h2><\/h2>\n<p>Generaci\u00f3n T\u00e9rmica<\/p>\n<\/figcaption><\/figure>\n<h2>SERVICIOS EN EL \u00c1REA DE ENERG\u00cdA<\/h2>\n<h2>Especialistas en:<\/h2>\n<h2>CONSULTOR\u00cdA EN SISTEMAS EL\u00c9CTRICOS<\/h2>\n<p>Factibilidad de proyectos energ\u00e9ticos, especialmente en el sector el\u00e9ctrico; Planeamiento el\u00e9ctrico y energ\u00e9tico; Definici\u00f3n de pol\u00edtica energ\u00e9tica sectorial; Fuentes no convencionales de energ\u00eda (Renovables); Dise\u00f1o de planes y programas de recuperaci\u00f3n de p\u00e9rdidas y de URE; Estudios socioecon\u00f3micos para proyectos de ingenier\u00eda; Estudios ambientales en proyectos de infraestructura.<\/p>\n<style>\/*! elementor - v3.16.0 - 14-09-2023 *\/<br \/>\n.elementor-widget-image{text-align:center}.elementor-widget-image a{display:inline-block}.elementor-widget-image a img[src$=\".svg\"]{width:48px}.elementor-widget-image img{vertical-align:middle;display:inline-block}<\/style>\n<p><img decoding=\"async\" loading=\"lazy\" src=\"https:\/\/www.smartech.biz\/wp-content\/uploads\/2023\/09\/Revisio\u0301n.png\" alt=\"\" width=\"800\" height=\"565\" \/><\/p>\n<style>\/*! elementor - v3.16.0 - 14-09-2023 *\/<br \/>\n.elementor-widget-divider{--divider-border-style:none;--divider-border-width:1px;--divider-color:#0c0d0e;--divider-icon-size:20px;--divider-element-spacing:10px;--divider-pattern-height:24px;--divider-pattern-size:20px;--divider-pattern-url:none;--divider-pattern-repeat:repeat-x}.elementor-widget-divider .elementor-divider{display:flex}.elementor-widget-divider .elementor-divider__text{font-size:15px;line-height:1;max-width:95%}.elementor-widget-divider .elementor-divider__element{margin:0 var(--divider-element-spacing);flex-shrink:0}.elementor-widget-divider .elementor-icon{font-size:var(--divider-icon-size)}.elementor-widget-divider .elementor-divider-separator{display:flex;margin:0;direction:ltr}.elementor-widget-divider--view-line_icon .elementor-divider-separator,.elementor-widget-divider--view-line_text .elementor-divider-separator{align-items:center}.elementor-widget-divider--view-line_icon .elementor-divider-separator:after,.elementor-widget-divider--view-line_icon .elementor-divider-separator:before,.elementor-widget-divider--view-line_text .elementor-divider-separator:after,.elementor-widget-divider--view-line_text .elementor-divider-separator:before{display:block;content:\"\";border-bottom:0;flex-grow:1;border-top:var(--divider-border-width) var(--divider-border-style) var(--divider-color)}.elementor-widget-divider--element-align-left .elementor-divider .elementor-divider-separator>.elementor-divider__svg:first-of-type{flex-grow:0;flex-shrink:100}.elementor-widget-divider--element-align-left .elementor-divider-separator:before{content:none}.elementor-widget-divider--element-align-left .elementor-divider__element{margin-left:0}.elementor-widget-divider--element-align-right .elementor-divider .elementor-divider-separator>.elementor-divider__svg:last-of-type{flex-grow:0;flex-shrink:100}.elementor-widget-divider--element-align-right .elementor-divider-separator:after{content:none}.elementor-widget-divider--element-align-right .elementor-divider__element{margin-right:0}.elementor-widget-divider:not(.elementor-widget-divider--view-line_text):not(.elementor-widget-divider--view-line_icon) .elementor-divider-separator{border-top:var(--divider-border-width) var(--divider-border-style) var(--divider-color)}.elementor-widget-divider--separator-type-pattern{--divider-border-style:none}.elementor-widget-divider--separator-type-pattern.elementor-widget-divider--view-line .elementor-divider-separator,.elementor-widget-divider--separator-type-pattern:not(.elementor-widget-divider--view-line) .elementor-divider-separator:after,.elementor-widget-divider--separator-type-pattern:not(.elementor-widget-divider--view-line) .elementor-divider-separator:before,.elementor-widget-divider--separator-type-pattern:not([class*=elementor-widget-divider--view]) .elementor-divider-separator{width:100%;min-height:var(--divider-pattern-height);-webkit-mask-size:var(--divider-pattern-size) 100%;mask-size:var(--divider-pattern-size) 100%;-webkit-mask-repeat:var(--divider-pattern-repeat);mask-repeat:var(--divider-pattern-repeat);background-color:var(--divider-color);-webkit-mask-image:var(--divider-pattern-url);mask-image:var(--divider-pattern-url)}.elementor-widget-divider--no-spacing{--divider-pattern-size:auto}.elementor-widget-divider--bg-round{--divider-pattern-repeat:round}.rtl .elementor-widget-divider .elementor-divider__text{direction:rtl}.e-con-inner>.elementor-widget-divider,.e-con>.elementor-widget-divider{width:var(--container-widget-width,100%);--flex-grow:var(--container-widget-flex-grow)}<\/style>\n<p><img decoding=\"async\" loading=\"lazy\" src=\"https:\/\/www.smartech.biz\/wp-content\/uploads\/2023\/09\/Ingenieria.jpg\" alt=\"\" width=\"800\" height=\"534\" \/><\/p>\n<h2>Especialistas en:<\/h2>\n<h2>INGENIER\u00cdA<\/h2>\n<p>Ingenier\u00eda b\u00e1sica y conceptual de proyectos el\u00e9ctricos; Ingenier\u00eda de proyectos de generaci\u00f3n hidr\u00e1ulica; Ingenier\u00eda de detalle en proyectos de l\u00edneas alta tensi\u00f3n y media tensi\u00f3n; Ingenier\u00eda de detalle en proyectos de subestaciones de alta tensi\u00f3n y media tensi\u00f3n; Dise\u00f1o de proyectos de electrificaci\u00f3n rural; Estudios de corto circuito y flujo de carga; Estudios de coordinaci\u00f3n de protecciones; Ingenier\u00eda de redes de comunicaciones y equipos activos.<\/p>\n<p><img decoding=\"async\" loading=\"lazy\" src=\"https:\/\/www.smartech.biz\/wp-content\/uploads\/2023\/09\/Ingenieria.jpg\" alt=\"\" width=\"800\" height=\"534\" \/><\/p>\n<h2>Especialistas en:<\/h2>\n<h2>INTERVENTOR\u00cdA<\/h2>\n<p>Proyectos de construcci\u00f3n de l\u00edneas y redes de distribuci\u00f3n el\u00e9ctrica; Proyectos de reducci\u00f3n de p\u00e9rdidas en sistemas de distribuci\u00f3n; Proyectos de consultor\u00eda; Proyectos de ingenier\u00eda de telecomunicaciones; Proyectos de ingenier\u00eda el\u00e9ctrica en AT y MT; Proyectos ambientales; Proyectos de energ\u00eda solar fotovoltaica y e\u00f3lica.<\/p>\n<p><img decoding=\"async\" loading=\"lazy\" src=\"https:\/\/www.smartech.biz\/wp-content\/uploads\/2023\/09\/Interventoria.jpg\" alt=\"\" width=\"800\" height=\"534\" \/><\/p>\n<style>\/*! elementor - v3.16.0 - 14-09-2023 *\/<br \/>\n.elementor-widget-image-carousel .swiper,.elementor-widget-image-carousel .swiper-container{position:static}.elementor-widget-image-carousel .swiper-container .swiper-slide figure,.elementor-widget-image-carousel .swiper .swiper-slide figure{line-height:inherit}.elementor-widget-image-carousel .swiper-slide{text-align:center}.elementor-image-carousel-wrapper:not(.swiper-container-initialized):not(.swiper-initialized) .swiper-slide{max-width:calc(100% \/ var(--e-image-carousel-slides-to-show, 3))}<\/style>\n<figure><img decoding=\"async\" src=\"https:\/\/www.smartech.biz\/wp-content\/uploads\/2023\/09\/Tunel-construccio\u0301n.png\" alt=\"Tunel construccio\u0301n\" \/><\/figure>\n<figure><img decoding=\"async\" src=\"https:\/\/www.smartech.biz\/wp-content\/uploads\/2023\/09\/Construccio\u0301n-y-Mantenimiento.png\" alt=\"Construccio\u0301n y Mantenimiento\" \/><\/figure>\n<figure><img decoding=\"async\" src=\"https:\/\/www.smartech.biz\/wp-content\/uploads\/2023\/09\/Tunel-construccio\u0301n2.png\" alt=\"Tunel construccio\u0301n2\" \/><\/figure>\n<h2>Especialistas en:<\/h2>\n<h2>CONSTRUCCI\u00d3N Y MANTENIMIENTO<\/h2>\n<p>De l\u00edneas y subestaciones de MT y AT; De redes y subestaciones de distribuci\u00f3n MT; De obras civiles para l\u00edneas, redes y subestaciones MT y AT; De redes de comunicaciones (FO y cobre) equipos activos; De redes de energ\u00eda y equipos de soporte de potencia para redes de telecomunicaciones; De redes de cableado estructurado de voz, datos y energ\u00eda regulada; De sistemas de monitoreo y control; Montaje de plantas industriales; Proyectos de energ\u00eda solar fotovoltaica y e\u00f3lica.<\/p>\n<figure><img decoding=\"async\" src=\"https:\/\/www.smartech.biz\/wp-content\/uploads\/2023\/09\/Tunel-construccio\u0301n.png\" alt=\"Tunel construccio\u0301n\" \/><\/figure>\n<figure><img decoding=\"async\" src=\"https:\/\/www.smartech.biz\/wp-content\/uploads\/2023\/09\/Construccio\u0301n-y-Mantenimiento.png\" alt=\"Construccio\u0301n y Mantenimiento\" \/><\/figure>\n<figure><img decoding=\"async\" src=\"https:\/\/www.smartech.biz\/wp-content\/uploads\/2023\/09\/Tunel-construccio\u0301n2.png\" alt=\"Tunel construccio\u0301n2\" \/><\/figure>\n<h2>Especialistas en:<\/h2>\n<h2>PRUEBAS Y PUESTA EN SERVICIO<\/h2>\n<p>Pruebas individuales, funcionales, de conjunto y puesta en servicio de subestaciones el\u00e9ctricas en proyectos industriales y de generaci\u00f3n; Rel\u00e9s de protecci\u00f3n el\u00e9ctrica; Interruptores de potencia; Seccionadores; Transformadores de tensi\u00f3n; Transformadores de corriente; Descargadores de sobretensi\u00f3n; Transformadores de potencia; Generadores.<\/p>\n<p><img decoding=\"async\" loading=\"lazy\" src=\"https:\/\/www.smartech.biz\/wp-content\/uploads\/2023\/09\/Pruebas.jpg\" alt=\"\" width=\"800\" height=\"470\" \/><br \/>\n<img decoding=\"async\" loading=\"lazy\" src=\"https:\/\/www.smartech.biz\/wp-content\/uploads\/2023\/09\/Gestio\u0301n.jpg\" alt=\"\" width=\"800\" height=\"534\" \/><\/p>\n<h2>Especialistas en:<\/h2>\n<h2>SERVICIOS ENERG\u00c9TICOS<\/h2>\n<p><strong>Gesti\u00f3n de compra de energ\u00eda<\/strong>: Negociaci\u00f3n de tarifa; Cubrimientos financieros; Asesor\u00eda marco regulatorio.<\/p>\n<p><strong>Gesti\u00f3n Integral de la Energ\u00eda<\/strong>: Caracterizaci\u00f3n energ\u00e9tica; L\u00ednea base.<\/p>\n<p><strong>Calidad de potencia<\/strong>: Levantamiento y actualizaci\u00f3n de diagramas unifilares; Curvas de carga de transformadores, motores, barrajes y equipos el\u00e9ctricos en general; Medici\u00f3n, seguimiento y validaci\u00f3n de sistemas de puesta a tierra Arm\u00f3nicos en sistemas de potencia; Filtros de arm\u00f3nicos activos y pasivos; Compensaci\u00f3n reactiva; An\u00e1lisis de eventos en las se\u00f1ales de potencia (Sag, Swell, transitorios, flicker; Uso racional de energ\u00eda Chequeos RETIE; Estudios de calidad de energ\u00eda; Plan de optimizaci\u00f3n energ\u00e9tica; Definici\u00f3n de oportunidades de ahorro; Autogeneraci\u00f3n, cogeneraci\u00f3n y Fuentes renovables de energ\u00eda Gesti\u00f3n integral de energ\u00eda basada en ISO 50001.<\/p>\n<p>Estructuraci\u00f3n Financiera: Modelaci\u00f3n financiera de los proyectos de generaci\u00f3n de energ\u00eda que permitan estructurar y conseguir el financiamiento para la construcci\u00f3n de tales proyectos.<\/p>\n<p><img decoding=\"async\" loading=\"lazy\" src=\"https:\/\/www.smartech.biz\/wp-content\/uploads\/2023\/09\/Gestio\u0301n.jpg\" alt=\"\" width=\"800\" height=\"534\" \/><\/p>\n<h2>Especialistas en:<\/h2>\n<h2>Suministros<\/h2>\n<p>De todos los materiales y equipos requeridos en el mantenimiento y construcci\u00f3n de subestaciones, l\u00edneas y redes el\u00e9ctricas; igualmente de todos los equipos activos, pasivos y los materiales requeridos para el montaje e instalaci\u00f3n de redes de telecomunicaciones en fibra \u00f3ptica, cobre e inal\u00e1mbricos.<\/p>\n<p><img decoding=\"async\" loading=\"lazy\" src=\"https:\/\/www.smartech.biz\/wp-content\/uploads\/2023\/09\/Suministro.jpg\" alt=\"\" width=\"800\" height=\"534\" \/><\/p>\n<div style=\"opacity: 0.01; height: 1px; line-height: 1px; overflow: hidden;\">\n  <a href=\"https:\/\/heng36t.co\">Heng36<\/a>\n<\/div>\n","protected":false},"excerpt":{"rendered":"<p>Energ\u00eda SMARTECH\u00ae &amp; ENERGY SYSTEMS S.A.S\u00a0En el campo energe\u0301tico realiza ingenieri\u0301a y consultori\u0301a con los altos esta\u0301ndares de calidad con cumplimiento y responsabilidad. Implementa sistemas de instrumentacio\u0301n y control, instalaciones, llave en mano y servicios de operacio\u0301n y mantenimiento para la transmisio\u0301n, transformacio\u0301n y distribucio\u0301n de energi\u0301a en alta, media y baja tensi\u00f3n, asi\u0301 como [&hellip;]<\/p>\n","protected":false},"author":1,"featured_media":0,"parent":0,"menu_order":0,"comment_status":"closed","ping_status":"closed","template":"elementor_header_footer","meta":{"footnotes":""},"_links":{"self":[{"href":"https:\/\/www.smartech.biz\/index.php\/wp-json\/wp\/v2\/pages\/147"}],"collection":[{"href":"https:\/\/www.smartech.biz\/index.php\/wp-json\/wp\/v2\/pages"}],"about":[{"href":"https:\/\/www.smartech.biz\/index.php\/wp-json\/wp\/v2\/types\/page"}],"author":[{"embeddable":true,"href":"https:\/\/www.smartech.biz\/index.php\/wp-json\/wp\/v2\/users\/1"}],"replies":[{"embeddable":true,"href":"https:\/\/www.smartech.biz\/index.php\/wp-json\/wp\/v2\/comments?post=147"}],"version-history":[{"count":81,"href":"https:\/\/www.smartech.biz\/index.php\/wp-json\/wp\/v2\/pages\/147\/revisions"}],"predecessor-version":[{"id":3123,"href":"https:\/\/www.smartech.biz\/index.php\/wp-json\/wp\/v2\/pages\/147\/revisions\/3123"}],"wp:attachment":[{"href":"https:\/\/www.smartech.biz\/index.php\/wp-json\/wp\/v2\/media?parent=147"}],"curies":[{"name":"wp","href":"https:\/\/api.w.org\/{rel}","templated":true}]}}