{"id":247,"date":"2023-09-22T15:54:12","date_gmt":"2023-09-22T15:54:12","guid":{"rendered":"https:\/\/www.smartech.biz\/?page_id=247"},"modified":"2025-11-04T18:44:01","modified_gmt":"2025-11-04T18:44:01","slug":"contacto","status":"publish","type":"page","link":"https:\/\/www.smartech.biz\/index.php\/contacto\/","title":{"rendered":"Contacto"},"content":{"rendered":"<style>\/*! elementor - v3.16.0 - 14-09-2023 *\/<br \/>\n.elementor-heading-title{padding:0;margin:0;line-height:1}.elementor-widget-heading .elementor-heading-title[class*=elementor-size-]>a{color:inherit;font-size:inherit;line-height:inherit}.elementor-widget-heading .elementor-heading-title.elementor-size-small{font-size:15px}.elementor-widget-heading .elementor-heading-title.elementor-size-medium{font-size:19px}.elementor-widget-heading .elementor-heading-title.elementor-size-large{font-size:29px}.elementor-widget-heading .elementor-heading-title.elementor-size-xl{font-size:39px}.elementor-widget-heading .elementor-heading-title.elementor-size-xxl{font-size:59px}<\/style>\n<h2>Contacto<\/h2>\n<h2>Manteng\u00e1monos en Contacto<\/h2>\n<p>\u00a1Cualquier tipo de preguntas que tenga, no dude en ponerse en contacto con nosotros!<\/p>\n<style>\/*! elementor - v3.16.0 - 14-09-2023 *\/<br \/>\n.elementor-widget-divider{--divider-border-style:none;--divider-border-width:1px;--divider-color:#0c0d0e;--divider-icon-size:20px;--divider-element-spacing:10px;--divider-pattern-height:24px;--divider-pattern-size:20px;--divider-pattern-url:none;--divider-pattern-repeat:repeat-x}.elementor-widget-divider .elementor-divider{display:flex}.elementor-widget-divider .elementor-divider__text{font-size:15px;line-height:1;max-width:95%}.elementor-widget-divider .elementor-divider__element{margin:0 var(--divider-element-spacing);flex-shrink:0}.elementor-widget-divider .elementor-icon{font-size:var(--divider-icon-size)}.elementor-widget-divider .elementor-divider-separator{display:flex;margin:0;direction:ltr}.elementor-widget-divider--view-line_icon .elementor-divider-separator,.elementor-widget-divider--view-line_text .elementor-divider-separator{align-items:center}.elementor-widget-divider--view-line_icon .elementor-divider-separator:after,.elementor-widget-divider--view-line_icon .elementor-divider-separator:before,.elementor-widget-divider--view-line_text .elementor-divider-separator:after,.elementor-widget-divider--view-line_text .elementor-divider-separator:before{display:block;content:\"\";border-bottom:0;flex-grow:1;border-top:var(--divider-border-width) var(--divider-border-style) var(--divider-color)}.elementor-widget-divider--element-align-left .elementor-divider .elementor-divider-separator>.elementor-divider__svg:first-of-type{flex-grow:0;flex-shrink:100}.elementor-widget-divider--element-align-left .elementor-divider-separator:before{content:none}.elementor-widget-divider--element-align-left .elementor-divider__element{margin-left:0}.elementor-widget-divider--element-align-right .elementor-divider .elementor-divider-separator>.elementor-divider__svg:last-of-type{flex-grow:0;flex-shrink:100}.elementor-widget-divider--element-align-right .elementor-divider-separator:after{content:none}.elementor-widget-divider--element-align-right .elementor-divider__element{margin-right:0}.elementor-widget-divider:not(.elementor-widget-divider--view-line_text):not(.elementor-widget-divider--view-line_icon) .elementor-divider-separator{border-top:var(--divider-border-width) var(--divider-border-style) var(--divider-color)}.elementor-widget-divider--separator-type-pattern{--divider-border-style:none}.elementor-widget-divider--separator-type-pattern.elementor-widget-divider--view-line .elementor-divider-separator,.elementor-widget-divider--separator-type-pattern:not(.elementor-widget-divider--view-line) .elementor-divider-separator:after,.elementor-widget-divider--separator-type-pattern:not(.elementor-widget-divider--view-line) .elementor-divider-separator:before,.elementor-widget-divider--separator-type-pattern:not([class*=elementor-widget-divider--view]) .elementor-divider-separator{width:100%;min-height:var(--divider-pattern-height);-webkit-mask-size:var(--divider-pattern-size) 100%;mask-size:var(--divider-pattern-size) 100%;-webkit-mask-repeat:var(--divider-pattern-repeat);mask-repeat:var(--divider-pattern-repeat);background-color:var(--divider-color);-webkit-mask-image:var(--divider-pattern-url);mask-image:var(--divider-pattern-url)}.elementor-widget-divider--no-spacing{--divider-pattern-size:auto}.elementor-widget-divider--bg-round{--divider-pattern-repeat:round}.rtl .elementor-widget-divider .elementor-divider__text{direction:rtl}.e-con-inner>.elementor-widget-divider,.e-con>.elementor-widget-divider{width:var(--container-widget-width,100%);--flex-grow:var(--container-widget-flex-grow)}<\/style>\n<p>* No compartimos su informaci\u00f3n personal <a href=\"https:\/\/relaxstudio.com.ua\">read the full material here<\/a> con nadie. Consulte nuestra pol\u00edtica de privacidad para m\u00e1s informaci\u00f3n.<\/p>\n<h2>Cobertura<\/h2>\n<style>\/*! elementor - v3.16.0 - 14-09-2023 *\/<br \/>\n.elementor-widget-image{text-align:center}.elementor-widget-image a{display:inline-block}.elementor-widget-image a img[src$=\".svg\"]{width:48px}.elementor-widget-image img{vertical-align:middle;display:inline-block}<\/style>\n<p><img decoding=\"async\" loading=\"lazy\" src=\"https:\/\/www.smartech.biz\/wp-content\/uploads\/2023\/09\/BANDERA-3.png\" alt=\"\" width=\"266\" height=\"267\" \/><\/p>\n<p>Honduras<\/p>\n<p>SMARTECH\u00ae &amp; ENERGY SYSTEMS S.A.S. Col. Cerro Grande. 4 Plaza \u00c1ngel Local # 3. Tegucigalpa &#8211; HONDURAS. Tel: + 504 9853 1599<\/p>\n<p><img decoding=\"async\" loading=\"lazy\" src=\"https:\/\/www.smartech.biz\/wp-content\/uploads\/2023\/09\/BANDERA-5.png\" alt=\"\" width=\"266\" height=\"267\" \/><\/p>\n<p>M\u00e9xico<\/p>\n<p>SMARTECH\u00ae &amp; ENERGY SYSTEMS INTL. S.A.S. DE C.V Corregidora 77. Colonia centr\u00f3 C\u00f3digo postal: 38600 Ac\u00e1mbaro GTO &#8211; M\u00c9XICO<br \/>\nTel: + 52 1 4171601011<\/p>\n<p><img decoding=\"async\" loading=\"lazy\" src=\"https:\/\/www.smartech.biz\/wp-content\/uploads\/2023\/09\/BANDERA-2.png\" alt=\"\" width=\"266\" height=\"267\" \/><\/p>\n<p>EE.UU.<\/p>\n<p>SMARTECH\u00ae &amp; ENERGY SYSTEMS LLC 2100 Ponce de Le\u00f3n Bulevard Suite 1050 Coral Gables, FL, 33134 USA Tel: +1 (786) 363-7330<\/p>\n<p><img decoding=\"async\" loading=\"lazy\" src=\"https:\/\/www.smartech.biz\/wp-content\/uploads\/2023\/09\/BANDERA-1.png\" alt=\"\" width=\"267\" height=\"267\" \/><\/p>\n<p>Colombia<\/p>\n<p>SMARTECH\u00ae &amp; ENERGY SYSTEMS S.A.S Carrera 18 No. 36-63 Ofi. 101 C\u00f3digo Postal: 111311 Bogot\u00e1 COLOMBIA Tel: +57 1 7714206<\/p>\n","protected":false},"excerpt":{"rendered":"<p>Contacto Manteng\u00e1monos en Contacto \u00a1Cualquier tipo de preguntas que tenga, no dude en ponerse en contacto con nosotros! * No compartimos su informaci\u00f3n personal read the full material here con nadie. Consulte nuestra pol\u00edtica de privacidad para m\u00e1s informaci\u00f3n. Cobertura Honduras SMARTECH\u00ae &amp; ENERGY SYSTEMS S.A.S. Col. Cerro Grande. 4 Plaza \u00c1ngel Local # 3. [&hellip;]<\/p>\n","protected":false},"author":1,"featured_media":0,"parent":0,"menu_order":0,"comment_status":"closed","ping_status":"closed","template":"elementor_header_footer","meta":{"footnotes":""},"_links":{"self":[{"href":"https:\/\/www.smartech.biz\/index.php\/wp-json\/wp\/v2\/pages\/247"}],"collection":[{"href":"https:\/\/www.smartech.biz\/index.php\/wp-json\/wp\/v2\/pages"}],"about":[{"href":"https:\/\/www.smartech.biz\/index.php\/wp-json\/wp\/v2\/types\/page"}],"author":[{"embeddable":true,"href":"https:\/\/www.smartech.biz\/index.php\/wp-json\/wp\/v2\/users\/1"}],"replies":[{"embeddable":true,"href":"https:\/\/www.smartech.biz\/index.php\/wp-json\/wp\/v2\/comments?post=247"}],"version-history":[{"count":29,"href":"https:\/\/www.smartech.biz\/index.php\/wp-json\/wp\/v2\/pages\/247\/revisions"}],"predecessor-version":[{"id":886,"href":"https:\/\/www.smartech.biz\/index.php\/wp-json\/wp\/v2\/pages\/247\/revisions\/886"}],"wp:attachment":[{"href":"https:\/\/www.smartech.biz\/index.php\/wp-json\/wp\/v2\/media?parent=247"}],"curies":[{"name":"wp","href":"https:\/\/api.w.org\/{rel}","templated":true}]}}